{"id":5825,"date":"2015-04-17T10:17:39","date_gmt":"2015-04-17T07:17:39","guid":{"rendered":"https:\/\/olivewoodshopcorfu.com\/home\/"},"modified":"2015-04-17T10:17:39","modified_gmt":"2015-04-17T07:17:39","slug":"home","status":"publish","type":"page","link":"https:\/\/olivewoodshopcorfu.com\/de\/","title":{"rendered":"Home"},"content":{"rendered":"<hr \/>\n<p style=\"text-align: center;\"><img loading=\"lazy\" decoding=\"async\" class=\"alignnone wp-image-4118 size-full\" src=\"https:\/\/olivewoodshopcorfu.com\/wp-content\/uploads\/2015\/04\/olivetree.png\" alt=\"olivetree\" width=\"101\" height=\"77\" \/><\/p>\n<p style=\"text-align: center;\">Seit den fr\u00fchesten Tagen der Menschheit liebendie Menschen die Kunst.<br \/>Bereits in der Antike fertigtendie Hellenen<br \/>erstaunliche bildhauerische Kunstwerke aus dem Holz<br \/>des als heilig verehrtenOlivenbaumes an.<br \/>Auf Korfu, mit \u00fcber 4 Millionen Olivenb\u00e4umen ist die Olivenholzschnitzerei<br \/>und Olivenholzbildhauereieine alte Tradition.<br \/>Diese Tradition wird von den K\u00fcnstlern aus unserer Familie fortgesetzt.<br \/>Seit \u00fcber zwanzig Jahren kreieren wir einzigartige Objekte,<br \/>die in Handarbeit hergestellt werden.<br \/>Wir bieten verschiedene Produkte wie Sch\u00fcsseln, Gabeln &amp; L\u00f6ffel,<br \/>Armb\u00e4nder, Halsketten, Ringe, Fotorahmen an<br \/>und k\u00f6nnen auch auf individuelle W\u00fcnsche eingehen.<\/p>\n<p style=\"text-align: center;\"><img loading=\"lazy\" decoding=\"async\" class=\"alignnone wp-image-4116 size-full\" src=\"https:\/\/olivewoodshopcorfu.com\/wp-content\/uploads\/2015\/04\/tool.png\" alt=\"tool\" width=\"151\" height=\"67\" srcset=\"https:\/\/olivewoodshopcorfu.com\/wp-content\/uploads\/2015\/04\/tool.png 151w, https:\/\/olivewoodshopcorfu.com\/wp-content\/uploads\/2015\/04\/tool-150x67.png 150w\" sizes=\"auto, (max-width: 151px) 100vw, 151px\" \/><\/p>\n","protected":false},"excerpt":{"rendered":"<p>Seit den fr\u00fchesten Tagen der Menschheit liebendie Menschen die Kunst.Bereits in der Antike fertigtendie Hellenenerstaunliche bildhauerische Kunstwerke aus dem Holzdes als heilig verehrtenOlivenbaumes an.Auf Korfu, mit \u00fcber 4 Millionen Olivenb\u00e4umen ist die Olivenholzschnitzereiund Olivenholzbildhauereieine alte Tradition.Diese Tradition wird von den K\u00fcnstlern aus unserer Familie fortgesetzt.Seit \u00fcber zwanzig Jahren kreieren wir einzigartige Objekte,die in Handarbeit hergestellt [&hellip;]<\/p>\n","protected":false},"author":1,"featured_media":0,"parent":0,"menu_order":0,"comment_status":"closed","ping_status":"closed","template":"","meta":{"footnotes":""},"class_list":["post-5825","page","type-page","status-publish","hentry"],"yoast_head":"<!-- This site is optimized with the Yoast SEO plugin v27.5 - https:\/\/yoast.com\/product\/yoast-seo-wordpress\/ -->\n<title>Home - Olive Wood Shop Corfu<\/title>\n<meta name=\"robots\" content=\"index, follow, max-snippet:-1, max-image-preview:large, max-video-preview:-1\" \/>\n<link rel=\"canonical\" href=\"https:\/\/olivewoodshopcorfu.com\/de\/\" \/>\n<meta property=\"og:locale\" content=\"de_DE\" \/>\n<meta property=\"og:type\" content=\"article\" \/>\n<meta property=\"og:title\" content=\"Home - Olive Wood Shop Corfu\" \/>\n<meta property=\"og:description\" content=\"Seit den fr\u00fchesten Tagen der Menschheit liebendie Menschen die Kunst.Bereits in der Antike fertigtendie Hellenenerstaunliche bildhauerische Kunstwerke aus dem Holzdes als heilig verehrtenOlivenbaumes an.Auf Korfu, mit \u00fcber 4 Millionen Olivenb\u00e4umen ist die Olivenholzschnitzereiund Olivenholzbildhauereieine alte Tradition.Diese Tradition wird von den K\u00fcnstlern aus unserer Familie fortgesetzt.Seit \u00fcber zwanzig Jahren kreieren wir einzigartige Objekte,die in Handarbeit hergestellt [&hellip;]\" \/>\n<meta property=\"og:url\" content=\"https:\/\/olivewoodshopcorfu.com\/de\/\" \/>\n<meta property=\"og:site_name\" content=\"Olive Wood Shop Corfu\" \/>\n<meta property=\"og:image\" content=\"https:\/\/olivewoodshopcorfu.com\/wp-content\/uploads\/2015\/04\/olivetree.png\" \/>\n<script type=\"application\/ld+json\" class=\"yoast-schema-graph\">{\"@context\":\"https:\\\/\\\/schema.org\",\"@graph\":[{\"@type\":\"WebPage\",\"@id\":\"https:\\\/\\\/olivewoodshopcorfu.com\\\/de\\\/\",\"url\":\"https:\\\/\\\/olivewoodshopcorfu.com\\\/de\\\/\",\"name\":\"Home - Olive Wood Shop Corfu\",\"isPartOf\":{\"@id\":\"https:\\\/\\\/olivewoodshopcorfu.com\\\/de\\\/#website\"},\"primaryImageOfPage\":{\"@id\":\"https:\\\/\\\/olivewoodshopcorfu.com\\\/de\\\/#primaryimage\"},\"image\":{\"@id\":\"https:\\\/\\\/olivewoodshopcorfu.com\\\/de\\\/#primaryimage\"},\"thumbnailUrl\":\"https:\\\/\\\/olivewoodshopcorfu.com\\\/wp-content\\\/uploads\\\/2015\\\/04\\\/olivetree.png\",\"datePublished\":\"2015-04-17T07:17:39+00:00\",\"breadcrumb\":{\"@id\":\"https:\\\/\\\/olivewoodshopcorfu.com\\\/de\\\/#breadcrumb\"},\"inLanguage\":\"de\",\"potentialAction\":[{\"@type\":\"ReadAction\",\"target\":[\"https:\\\/\\\/olivewoodshopcorfu.com\\\/de\\\/\"]}]},{\"@type\":\"ImageObject\",\"inLanguage\":\"de\",\"@id\":\"https:\\\/\\\/olivewoodshopcorfu.com\\\/de\\\/#primaryimage\",\"url\":\"https:\\\/\\\/olivewoodshopcorfu.com\\\/wp-content\\\/uploads\\\/2015\\\/04\\\/olivetree.png\",\"contentUrl\":\"https:\\\/\\\/olivewoodshopcorfu.com\\\/wp-content\\\/uploads\\\/2015\\\/04\\\/olivetree.png\"},{\"@type\":\"BreadcrumbList\",\"@id\":\"https:\\\/\\\/olivewoodshopcorfu.com\\\/de\\\/#breadcrumb\",\"itemListElement\":[{\"@type\":\"ListItem\",\"position\":1,\"name\":\"Home\",\"item\":\"https:\\\/\\\/olivewoodshopcorfu.com\\\/de\\\/\"},{\"@type\":\"ListItem\",\"position\":2,\"name\":\"Home\"}]},{\"@type\":\"WebSite\",\"@id\":\"https:\\\/\\\/olivewoodshopcorfu.com\\\/de\\\/#website\",\"url\":\"https:\\\/\\\/olivewoodshopcorfu.com\\\/de\\\/\",\"name\":\"Olive Wood Shop Corfu\",\"description\":\"Hand Made Art\",\"potentialAction\":[{\"@type\":\"SearchAction\",\"target\":{\"@type\":\"EntryPoint\",\"urlTemplate\":\"https:\\\/\\\/olivewoodshopcorfu.com\\\/de\\\/?s={search_term_string}\"},\"query-input\":{\"@type\":\"PropertyValueSpecification\",\"valueRequired\":true,\"valueName\":\"search_term_string\"}}],\"inLanguage\":\"de\"}]}<\/script>\n<!-- \/ Yoast SEO plugin. -->","yoast_head_json":{"title":"Home - Olive Wood Shop Corfu","robots":{"index":"index","follow":"follow","max-snippet":"max-snippet:-1","max-image-preview":"max-image-preview:large","max-video-preview":"max-video-preview:-1"},"canonical":"https:\/\/olivewoodshopcorfu.com\/de\/","og_locale":"de_DE","og_type":"article","og_title":"Home - Olive Wood Shop Corfu","og_description":"Seit den fr\u00fchesten Tagen der Menschheit liebendie Menschen die Kunst.Bereits in der Antike fertigtendie Hellenenerstaunliche bildhauerische Kunstwerke aus dem Holzdes als heilig verehrtenOlivenbaumes an.Auf Korfu, mit \u00fcber 4 Millionen Olivenb\u00e4umen ist die Olivenholzschnitzereiund Olivenholzbildhauereieine alte Tradition.Diese Tradition wird von den K\u00fcnstlern aus unserer Familie fortgesetzt.Seit \u00fcber zwanzig Jahren kreieren wir einzigartige Objekte,die in Handarbeit hergestellt [&hellip;]","og_url":"https:\/\/olivewoodshopcorfu.com\/de\/","og_site_name":"Olive Wood Shop Corfu","og_image":[{"url":"https:\/\/olivewoodshopcorfu.com\/wp-content\/uploads\/2015\/04\/olivetree.png","type":"","width":"","height":""}],"schema":{"@context":"https:\/\/schema.org","@graph":[{"@type":"WebPage","@id":"https:\/\/olivewoodshopcorfu.com\/de\/","url":"https:\/\/olivewoodshopcorfu.com\/de\/","name":"Home - Olive Wood Shop Corfu","isPartOf":{"@id":"https:\/\/olivewoodshopcorfu.com\/de\/#website"},"primaryImageOfPage":{"@id":"https:\/\/olivewoodshopcorfu.com\/de\/#primaryimage"},"image":{"@id":"https:\/\/olivewoodshopcorfu.com\/de\/#primaryimage"},"thumbnailUrl":"https:\/\/olivewoodshopcorfu.com\/wp-content\/uploads\/2015\/04\/olivetree.png","datePublished":"2015-04-17T07:17:39+00:00","breadcrumb":{"@id":"https:\/\/olivewoodshopcorfu.com\/de\/#breadcrumb"},"inLanguage":"de","potentialAction":[{"@type":"ReadAction","target":["https:\/\/olivewoodshopcorfu.com\/de\/"]}]},{"@type":"ImageObject","inLanguage":"de","@id":"https:\/\/olivewoodshopcorfu.com\/de\/#primaryimage","url":"https:\/\/olivewoodshopcorfu.com\/wp-content\/uploads\/2015\/04\/olivetree.png","contentUrl":"https:\/\/olivewoodshopcorfu.com\/wp-content\/uploads\/2015\/04\/olivetree.png"},{"@type":"BreadcrumbList","@id":"https:\/\/olivewoodshopcorfu.com\/de\/#breadcrumb","itemListElement":[{"@type":"ListItem","position":1,"name":"Home","item":"https:\/\/olivewoodshopcorfu.com\/de\/"},{"@type":"ListItem","position":2,"name":"Home"}]},{"@type":"WebSite","@id":"https:\/\/olivewoodshopcorfu.com\/de\/#website","url":"https:\/\/olivewoodshopcorfu.com\/de\/","name":"Olive Wood Shop Corfu","description":"Hand Made Art","potentialAction":[{"@type":"SearchAction","target":{"@type":"EntryPoint","urlTemplate":"https:\/\/olivewoodshopcorfu.com\/de\/?s={search_term_string}"},"query-input":{"@type":"PropertyValueSpecification","valueRequired":true,"valueName":"search_term_string"}}],"inLanguage":"de"}]}},"_links":{"self":[{"href":"https:\/\/olivewoodshopcorfu.com\/de\/wp-json\/wp\/v2\/pages\/5825","targetHints":{"allow":["GET"]}}],"collection":[{"href":"https:\/\/olivewoodshopcorfu.com\/de\/wp-json\/wp\/v2\/pages"}],"about":[{"href":"https:\/\/olivewoodshopcorfu.com\/de\/wp-json\/wp\/v2\/types\/page"}],"author":[{"embeddable":true,"href":"https:\/\/olivewoodshopcorfu.com\/de\/wp-json\/wp\/v2\/users\/1"}],"replies":[{"embeddable":true,"href":"https:\/\/olivewoodshopcorfu.com\/de\/wp-json\/wp\/v2\/comments?post=5825"}],"version-history":[{"count":0,"href":"https:\/\/olivewoodshopcorfu.com\/de\/wp-json\/wp\/v2\/pages\/5825\/revisions"}],"wp:attachment":[{"href":"https:\/\/olivewoodshopcorfu.com\/de\/wp-json\/wp\/v2\/media?parent=5825"}],"curies":[{"name":"wp","href":"https:\/\/api.w.org\/{rel}","templated":true}]}}